{"id":6394,"date":"2021-12-01T14:27:32","date_gmt":"2021-12-01T14:27:32","guid":{"rendered":"https:\/\/yamaaoi.com\/productos\/furikake-de-alga-kombu-40-gr\/"},"modified":"2022-01-10T15:59:05","modified_gmt":"2022-01-10T15:59:05","slug":"furikake-dalga-kombu-40-gr","status":"publish","type":"product","link":"https:\/\/yamaaoiwasabi.com\/ca\/productos\/furikake-dalga-kombu-40-gr\/","title":{"rendered":"Furikake d&#8217;alga kombu 40 gr"},"content":{"rendered":"<p>El furikake d&#8217;alga kombu \u00e9s un ingredient essencial de la cuina japonesa. Es tracta d&#8217;un potenciador de sabor natural que pot barrejar una infinitat d&#8217;ingredients, normalment deshidratats i m\u00f2lts. Es pot utilitzar tant en espolsant-lo sobre l&#8217;arr\u00f2s com en l&#8217;elaboraci\u00f3 d&#8217;onigiri. En ambd\u00f3s casos per\u00f2, ser\u00e0 una potent font d&#8217;Umami.<\/p>\n<p>Els nostres suggeriments: Per condimentar patates, arr\u00f2s, amanides, tartars, carpaccios, pasta, mantega, pa, salses, peixos&#8230;<\/p>\n","protected":false},"excerpt":{"rendered":"<p>Furikake d\u00b4alga Kombu.<br \/>\nEls furikakes s\u00f3n els condiments essencials del menjar japon\u00e8s. En concret, aquest furikake de kombu \u00e9s ingredient omnipresent de la cuina de Toyama, tant a restaurants com a l&#8217;\u00e0mbit dom\u00e8stic<\/p>\n","protected":false},"featured_media":6103,"template":"","meta":{"_acf_changed":false},"product_brand":[],"product_cat":[77],"product_tag":[],"class_list":{"0":"post-6394","1":"product","2":"type-product","3":"status-publish","4":"has-post-thumbnail","6":"product_cat-gourmet-japones-gourmet-japones-ca","8":"first","9":"outofstock","10":"taxable","11":"shipping-taxable","12":"purchasable","13":"product-type-simple"},"acf":[],"_links":{"self":[{"href":"https:\/\/yamaaoiwasabi.com\/ca\/wp-json\/wp\/v2\/product\/6394","targetHints":{"allow":["GET"]}}],"collection":[{"href":"https:\/\/yamaaoiwasabi.com\/ca\/wp-json\/wp\/v2\/product"}],"about":[{"href":"https:\/\/yamaaoiwasabi.com\/ca\/wp-json\/wp\/v2\/types\/product"}],"wp:featuredmedia":[{"embeddable":true,"href":"https:\/\/yamaaoiwasabi.com\/ca\/wp-json\/wp\/v2\/media\/6103"}],"wp:attachment":[{"href":"https:\/\/yamaaoiwasabi.com\/ca\/wp-json\/wp\/v2\/media?parent=6394"}],"wp:term":[{"taxonomy":"product_brand","embeddable":true,"href":"https:\/\/yamaaoiwasabi.com\/ca\/wp-json\/wp\/v2\/product_brand?post=6394"},{"taxonomy":"product_cat","embeddable":true,"href":"https:\/\/yamaaoiwasabi.com\/ca\/wp-json\/wp\/v2\/product_cat?post=6394"},{"taxonomy":"product_tag","embeddable":true,"href":"https:\/\/yamaaoiwasabi.com\/ca\/wp-json\/wp\/v2\/product_tag?post=6394"}],"curies":[{"name":"wp","href":"https:\/\/api.w.org\/{rel}","templated":true}]}}