{"id":6369,"date":"2021-12-03T15:56:31","date_gmt":"2021-12-03T15:56:31","guid":{"rendered":"https:\/\/yamaaoi.com\/productos\/sushi-basics-pack\/"},"modified":"2022-12-02T11:29:03","modified_gmt":"2022-12-02T11:29:03","slug":"sushi-basics-pack","status":"publish","type":"product","link":"https:\/\/yamaaoiwasabi.com\/ca\/productos\/sushi-basics-pack\/","title":{"rendered":"Sushi Basics Pack"},"content":{"rendered":"<p>El pack essencial per poder preparar el millor sushi a casa!<br \/>\nEn aquest pack trobar\u00e0s tot all\u00f2 necessari per poder preparar delici\u00f3s sushi. Atreveix-te a elaborar els teus propis nigiris, temakis&#8230;<\/p>\n<p>Al pack Sushi basics s&#8217;inclouen:<br \/>\n&#8211; Vinagre per a sushi Akasu Sushizu Premium 150ml<br \/>\n&#8211; Salsa de soja Ecol\u00f2gica Tokiarubeshi (300 ml)<br \/>\n&#8211; Arr\u00f2s Hoshi de Km0 del Delta de l&#8217;Ebre (1 kg)<br \/>\n&#8211; Alga nori Ariake Premium 1\/2 fulles (25 gr)<br \/>\n&#8211; Wasabi fresc (50 g en 1 o 2 peces)<br \/>\n&#8211; 1 Ratllador Samekichi d&#8217;acer inoxidable, tamany S<br \/>\n&#8211; 1 pinzell de bamb\u00fa<\/p>\n<p>Aquest pack est\u00e0 format per productes d&#8217;alta qualitat elaborats a Jap\u00f3, seguint els m\u00e8todes tradicionals. L&#8217;arr\u00f2s, prov\u00e9 del Delta de l&#8217;Ebre, un espai natural protegit on el cultiu de l&#8217;arr\u00f2s ha modelat el paisatge durant generacions. I com a colof\u00f3, el nostre millor wasabi fresc mediterrani!<\/p>\n<p>Sens dubte, la combinaci\u00f3 perfecta per sorprendre els teus amics, parella o fam\u00edlia!<\/p>\n","protected":false},"excerpt":{"rendered":"<p>El nostre Sushi Basics Pack us permetr\u00e0 preparar el millor sushi a casa! Hi trobar\u00e0s tot all\u00f2 necessari per fer les del\u00edcies de qualsevol amant de la cuina japonesa!<\/p>\n<p>*ATENCI\u00d3: Estem en el proc\u00e9s de moure el nostre wasabi a un nou empla\u00e7ament, aix\u00ed que temporalment, el wasabi fresc servit en aquest pack pot ser d&#8217;importaci\u00f3 del Jap\u00f3. Algun producte de la fotografia podria no coincidir exactament amb la llista de productes de la Descripci\u00f3.<\/p>\n<p>&nbsp;<\/p>\n","protected":false},"featured_media":6127,"template":"","meta":{"_acf_changed":false},"product_brand":[],"product_cat":[75],"product_tag":[],"class_list":{"0":"post-6369","1":"product","2":"type-product","3":"status-publish","4":"has-post-thumbnail","6":"product_cat-sushi-packs-ca","8":"first","9":"instock","10":"sale","11":"taxable","12":"shipping-taxable","13":"purchasable","14":"product-type-simple"},"acf":[],"_links":{"self":[{"href":"https:\/\/yamaaoiwasabi.com\/ca\/wp-json\/wp\/v2\/product\/6369","targetHints":{"allow":["GET"]}}],"collection":[{"href":"https:\/\/yamaaoiwasabi.com\/ca\/wp-json\/wp\/v2\/product"}],"about":[{"href":"https:\/\/yamaaoiwasabi.com\/ca\/wp-json\/wp\/v2\/types\/product"}],"wp:featuredmedia":[{"embeddable":true,"href":"https:\/\/yamaaoiwasabi.com\/ca\/wp-json\/wp\/v2\/media\/6127"}],"wp:attachment":[{"href":"https:\/\/yamaaoiwasabi.com\/ca\/wp-json\/wp\/v2\/media?parent=6369"}],"wp:term":[{"taxonomy":"product_brand","embeddable":true,"href":"https:\/\/yamaaoiwasabi.com\/ca\/wp-json\/wp\/v2\/product_brand?post=6369"},{"taxonomy":"product_cat","embeddable":true,"href":"https:\/\/yamaaoiwasabi.com\/ca\/wp-json\/wp\/v2\/product_cat?post=6369"},{"taxonomy":"product_tag","embeddable":true,"href":"https:\/\/yamaaoiwasabi.com\/ca\/wp-json\/wp\/v2\/product_tag?post=6369"}],"curies":[{"name":"wp","href":"https:\/\/api.w.org\/{rel}","templated":true}]}}