{"id":6313,"date":"2020-06-04T13:31:08","date_gmt":"2020-06-04T13:31:08","guid":{"rendered":"https:\/\/yamaaoi.com\/prensa\/"},"modified":"2022-01-09T09:23:22","modified_gmt":"2022-01-09T09:23:22","slug":"premsa","status":"publish","type":"page","link":"https:\/\/yamaaoiwasabi.com\/ca\/premsa\/","title":{"rendered":"Premsa"},"content":{"rendered":"[vc_row][vc_column][vc_empty_space height=&#8221;94px&#8221;][\/vc_column][\/vc_row][vc_row css=&#8221;.vc_custom_1620233358398{padding-top: 50px !important;}&#8221;][vc_column]\t<div class=\"row posts-shortcode align-stretch \" data-loadmore=\"#loadmore-16\" data-security=\"1a5d0f2115\">\r\n\t\t<div class=\"small-12 medium-6 large-4 columns\">\r\n\t<article itemscope itemtype=\"http:\/\/schema.org\/Article\" class=\"post style1 post-8051 type-post status-publish format-standard has-post-thumbnail hentry category-prensa-ca\">\r\n\t\t\t\t<figure class=\"post-gallery\">\r\n\t\t\t<a href=\"https:\/\/yamaaoiwasabi.com\/ca\/menuts-torres-24-05-2022-cuina-japonesa-per-a-principiants\/\" rel=\"bookmark\" title=\"Menuts Torres &#8211; 24\/05\/2022. Cuina japonesa per a principiants\">\r\n\t\t\t\t<img loading=\"lazy\" decoding=\"async\" width=\"706\" height=\"443\" src=\"https:\/\/yamaaoiwasabi.com\/wp-content\/uploads\/2022\/07\/hermanos-Torres.jpeg\" class=\"attachment-north-blog-grid-2x size-north-blog-grid-2x wp-post-image\" alt=\"\" srcset=\"https:\/\/yamaaoiwasabi.com\/wp-content\/uploads\/2022\/07\/hermanos-Torres.jpeg 706w, https:\/\/yamaaoiwasabi.com\/wp-content\/uploads\/2022\/07\/hermanos-Torres-300x188.jpeg 300w, https:\/\/yamaaoiwasabi.com\/wp-content\/uploads\/2022\/07\/hermanos-Torres-430x270.jpeg 430w, https:\/\/yamaaoiwasabi.com\/wp-content\/uploads\/2022\/07\/hermanos-Torres-600x376.jpeg 600w\" sizes=\"auto, (max-width: 706px) 100vw, 706px\" \/>\t\t\t<\/a>\r\n\t\t<\/figure>\r\n\t\t\t\t<aside class=\"post-meta\">\r\n\t<time class=\"time\" datetime=\"2022-07-05T10:24:57+00:00\"><a href=\"https:\/\/yamaaoiwasabi.com\/ca\/menuts-torres-24-05-2022-cuina-japonesa-per-a-principiants\/\" title=\"Menuts Torres &#8211; 24\/05\/2022. Cuina japonesa per a principiants\">5 de juliol de 2022<\/a><\/time> - <a href=\"https:\/\/www.yamaaoiwasabi.com\/ca\/category\/prensa-ca\/\" rel=\"category tag\">Prensa<\/a><\/aside>\r\n\t\t<header class=\"post-title entry-header\">\r\n\t\t\t<h3 class=\"entry-title\" itemprop=\"name headline\"><a href=\"https:\/\/yamaaoiwasabi.com\/ca\/menuts-torres-24-05-2022-cuina-japonesa-per-a-principiants\/\" title=\"Menuts Torres &#8211; 24\/05\/2022. Cuina japonesa per a principiants\">Menuts Torres &#8211; 24\/05\/2022. Cuina japonesa per a principiants<\/a><\/h3>\t\t<\/header>\r\n\t\t\t\t\t<div class=\"post-content\">\r\n\t\t\t\t<p>Minut 44:30 Menuts Torres &#8211; Cuina japonesa per a principiants Pots veure Menuts Torres Veure not\u00edcia &nbsp;<\/p>\n\t\t\t<\/div>\r\n\t\t\t\t\t<\/article>\r\n<\/div>\r\n<div class=\"small-12 medium-6 large-4 columns\">\r\n\t<article itemscope itemtype=\"http:\/\/schema.org\/Article\" class=\"post style1 post-6617 type-post status-publish format-standard has-post-thumbnail hentry category-prensa-ca\">\r\n\t\t\t\t<figure class=\"post-gallery\">\r\n\t\t\t<a href=\"https:\/\/yamaaoiwasabi.com\/ca\/la-ventana-cadena-ser-17-06-2019-entrevista-a-pau-gelman-socio-fundador-de-yamaaoi-wasabi\/\" rel=\"bookmark\" title=\"La Ventana, Cadena Ser &#8211; 17\/06\/2019. Entrevista a Pau Gelman, soci fundador de Yamaaoi Wasabi.\">\r\n\t\t\t\t<img loading=\"lazy\" decoding=\"async\" width=\"322\" height=\"247\" src=\"https:\/\/yamaaoiwasabi.com\/wp-content\/uploads\/2020\/11\/Captura-SER.png\" class=\"attachment-north-blog-grid-2x size-north-blog-grid-2x wp-post-image\" alt=\"\" srcset=\"https:\/\/yamaaoiwasabi.com\/wp-content\/uploads\/2020\/11\/Captura-SER.png 322w, https:\/\/yamaaoiwasabi.com\/wp-content\/uploads\/2020\/11\/Captura-SER-300x230.png 300w\" sizes=\"auto, (max-width: 322px) 100vw, 322px\" \/>\t\t\t<\/a>\r\n\t\t<\/figure>\r\n\t\t\t\t<aside class=\"post-meta\">\r\n\t<time class=\"time\" datetime=\"2020-11-17T11:04:51+00:00\"><a href=\"https:\/\/yamaaoiwasabi.com\/ca\/la-ventana-cadena-ser-17-06-2019-entrevista-a-pau-gelman-socio-fundador-de-yamaaoi-wasabi\/\" title=\"La Ventana, Cadena Ser &#8211; 17\/06\/2019. Entrevista a Pau Gelman, soci fundador de Yamaaoi Wasabi.\">17 de novembre de 2020<\/a><\/time> - <a href=\"https:\/\/www.yamaaoiwasabi.com\/ca\/category\/prensa-ca\/\" rel=\"category tag\">Prensa<\/a><\/aside>\r\n\t\t<header class=\"post-title entry-header\">\r\n\t\t\t<h3 class=\"entry-title\" itemprop=\"name headline\"><a href=\"https:\/\/yamaaoiwasabi.com\/ca\/la-ventana-cadena-ser-17-06-2019-entrevista-a-pau-gelman-socio-fundador-de-yamaaoi-wasabi\/\" title=\"La Ventana, Cadena Ser &#8211; 17\/06\/2019. Entrevista a Pau Gelman, soci fundador de Yamaaoi Wasabi.\">La Ventana, Cadena Ser &#8211; 17\/06\/2019. Entrevista a Pau Gelman, soci fundador de Yamaaoi Wasabi.<\/a><\/h3>\t\t<\/header>\r\n\t\t\t\t\t<div class=\"post-content\">\r\n\t\t\t\t<p>Entrevista a Pau Gelman, soci fundador de Yamaaoi Wasabi, al programa &#8220;La Ventana&#8221;, presentat pel periodista Carles Francino el 17\/06\/2019. Veure not\u00edcia &nbsp;<\/p>\n\t\t\t<\/div>\r\n\t\t\t\t\t<\/article>\r\n<\/div>\r\n<div class=\"small-12 medium-6 large-4 columns\">\r\n\t<article itemscope itemtype=\"http:\/\/schema.org\/Article\" class=\"post style1 post-6622 type-post status-publish format-standard has-post-thumbnail hentry category-prensa-ca\">\r\n\t\t\t\t<figure class=\"post-gallery\">\r\n\t\t\t<a href=\"https:\/\/yamaaoiwasabi.com\/ca\/conde-nast-traveler\/\" rel=\"bookmark\" title=\"Cond\u00e9 Nast Traveler &#8211; 13\/10\/2020. Wasabi mediterrani: aix\u00ed es planta a Catalunya\">\r\n\t\t\t\t<img loading=\"lazy\" decoding=\"async\" width=\"833\" height=\"530\" src=\"https:\/\/yamaaoiwasabi.com\/wp-content\/uploads\/2020\/10\/Captura1.png\" class=\"attachment-north-blog-grid-2x size-north-blog-grid-2x wp-post-image\" alt=\"\" srcset=\"https:\/\/yamaaoiwasabi.com\/wp-content\/uploads\/2020\/10\/Captura1.png 941w, https:\/\/yamaaoiwasabi.com\/wp-content\/uploads\/2020\/10\/Captura1-300x191.png 300w, https:\/\/yamaaoiwasabi.com\/wp-content\/uploads\/2020\/10\/Captura1-768x489.png 768w, https:\/\/yamaaoiwasabi.com\/wp-content\/uploads\/2020\/10\/Captura1-600x382.png 600w\" sizes=\"auto, (max-width: 833px) 100vw, 833px\" \/>\t\t\t<\/a>\r\n\t\t<\/figure>\r\n\t\t\t\t<aside class=\"post-meta\">\r\n\t<time class=\"time\" datetime=\"2020-11-17T03:23:00+00:00\"><a href=\"https:\/\/yamaaoiwasabi.com\/ca\/conde-nast-traveler\/\" title=\"Cond\u00e9 Nast Traveler &#8211; 13\/10\/2020. Wasabi mediterrani: aix\u00ed es planta a Catalunya\">17 de novembre de 2020<\/a><\/time> - <a href=\"https:\/\/www.yamaaoiwasabi.com\/ca\/category\/prensa-ca\/\" rel=\"category tag\">Prensa<\/a><\/aside>\r\n\t\t<header class=\"post-title entry-header\">\r\n\t\t\t<h3 class=\"entry-title\" itemprop=\"name headline\"><a href=\"https:\/\/yamaaoiwasabi.com\/ca\/conde-nast-traveler\/\" title=\"Cond\u00e9 Nast Traveler &#8211; 13\/10\/2020. Wasabi mediterrani: aix\u00ed es planta a Catalunya\">Cond\u00e9 Nast Traveler &#8211; 13\/10\/2020. Wasabi mediterrani: aix\u00ed es planta a Catalunya<\/a><\/h3>\t\t<\/header>\r\n\t\t\t\t\t<div class=\"post-content\">\r\n\t\t\t\t<p>&nbsp; L&#8217;aut\u00e8ntic wasabi es conrea a 50 km de les Rambles de Barcelona \u00bfNo t&#8217;ho vols creure?\u00a0Veure not\u00edcia &nbsp;<\/p>\n\t\t\t<\/div>\r\n\t\t\t\t\t<\/article>\r\n<\/div>\r\n<div class=\"small-12 medium-6 large-4 columns\">\r\n\t<article itemscope itemtype=\"http:\/\/schema.org\/Article\" class=\"post style1 post-6630 type-post status-publish format-standard has-post-thumbnail hentry category-prensa-ca\">\r\n\t\t\t\t<figure class=\"post-gallery\">\r\n\t\t\t<a href=\"https:\/\/yamaaoiwasabi.com\/ca\/la-vanguardia-27-06-2019-el-wasabi-ara-es-made-in-catalonia\/\" rel=\"bookmark\" title=\"La Vanguardia &#8211; 27\/06\/2019. El wasabi ara \u00e9s \u2018made in Catalonia\u2019\">\r\n\t\t\t\t<img loading=\"lazy\" decoding=\"async\" width=\"860\" height=\"482\" src=\"https:\/\/yamaaoiwasabi.com\/wp-content\/uploads\/2020\/10\/Captura-1.png\" class=\"attachment-north-blog-grid-2x size-north-blog-grid-2x wp-post-image\" alt=\"\" srcset=\"https:\/\/yamaaoiwasabi.com\/wp-content\/uploads\/2020\/10\/Captura-1.png 977w, https:\/\/yamaaoiwasabi.com\/wp-content\/uploads\/2020\/10\/Captura-1-300x168.png 300w, https:\/\/yamaaoiwasabi.com\/wp-content\/uploads\/2020\/10\/Captura-1-768x431.png 768w, https:\/\/yamaaoiwasabi.com\/wp-content\/uploads\/2020\/10\/Captura-1-600x337.png 600w\" sizes=\"auto, (max-width: 860px) 100vw, 860px\" \/>\t\t\t<\/a>\r\n\t\t<\/figure>\r\n\t\t\t\t<aside class=\"post-meta\">\r\n\t<time class=\"time\" datetime=\"2020-10-09T12:45:56+00:00\"><a href=\"https:\/\/yamaaoiwasabi.com\/ca\/la-vanguardia-27-06-2019-el-wasabi-ara-es-made-in-catalonia\/\" title=\"La Vanguardia &#8211; 27\/06\/2019. El wasabi ara \u00e9s \u2018made in Catalonia\u2019\">9 d'octubre de 2020<\/a><\/time> - <a href=\"https:\/\/www.yamaaoiwasabi.com\/ca\/category\/prensa-ca\/\" rel=\"category tag\">Prensa<\/a><\/aside>\r\n\t\t<header class=\"post-title entry-header\">\r\n\t\t\t<h3 class=\"entry-title\" itemprop=\"name headline\"><a href=\"https:\/\/yamaaoiwasabi.com\/ca\/la-vanguardia-27-06-2019-el-wasabi-ara-es-made-in-catalonia\/\" title=\"La Vanguardia &#8211; 27\/06\/2019. El wasabi ara \u00e9s \u2018made in Catalonia\u2019\">La Vanguardia &#8211; 27\/06\/2019. El wasabi ara \u00e9s \u2018made in Catalonia\u2019<\/a><\/h3>\t\t<\/header>\r\n\t\t\t\t\t<div class=\"post-content\">\r\n\t\t\t\t<p>Yamaaoi Wasabi ha aconseguit fer cr\u00e9ixer al Montseny un dels cultius m\u00e9s complexos del m\u00f3nPau Gelman i Arnau Riba han tingut \u00e8xit on molts altres&hellip;<\/p>\n\t\t\t<\/div>\r\n\t\t\t\t\t<\/article>\r\n<\/div>\r\n<div class=\"small-12 medium-6 large-4 columns\">\r\n\t<article itemscope itemtype=\"http:\/\/schema.org\/Article\" class=\"post style1 post-6634 type-post status-publish format-standard has-post-thumbnail hentry category-prensa-ca\">\r\n\t\t\t\t<figure class=\"post-gallery\">\r\n\t\t\t<a href=\"https:\/\/yamaaoiwasabi.com\/ca\/lautentic-wasabi-al-montseny\/\" rel=\"bookmark\" title=\"EL PA\u00cdS &#8211; 17\/06\/2019. L&#8217;aut\u00e8ntic wasabi al Montseny\">\r\n\t\t\t\t<img loading=\"lazy\" decoding=\"async\" width=\"638\" height=\"354\" src=\"https:\/\/yamaaoiwasabi.com\/wp-content\/uploads\/2020\/10\/Foto-con-logo.png\" class=\"attachment-north-blog-grid-2x size-north-blog-grid-2x wp-post-image\" alt=\"\" srcset=\"https:\/\/yamaaoiwasabi.com\/wp-content\/uploads\/2020\/10\/Foto-con-logo.png 638w, https:\/\/yamaaoiwasabi.com\/wp-content\/uploads\/2020\/10\/Foto-con-logo-300x166.png 300w, https:\/\/yamaaoiwasabi.com\/wp-content\/uploads\/2020\/10\/Foto-con-logo-600x333.png 600w\" sizes=\"auto, (max-width: 638px) 100vw, 638px\" \/>\t\t\t<\/a>\r\n\t\t<\/figure>\r\n\t\t\t\t<aside class=\"post-meta\">\r\n\t<time class=\"time\" datetime=\"2020-10-09T12:09:58+00:00\"><a href=\"https:\/\/yamaaoiwasabi.com\/ca\/lautentic-wasabi-al-montseny\/\" title=\"EL PA\u00cdS &#8211; 17\/06\/2019. L&#8217;aut\u00e8ntic wasabi al Montseny\">9 d'octubre de 2020<\/a><\/time> - <a href=\"https:\/\/www.yamaaoiwasabi.com\/ca\/category\/prensa-ca\/\" rel=\"category tag\">Prensa<\/a><\/aside>\r\n\t\t<header class=\"post-title entry-header\">\r\n\t\t\t<h3 class=\"entry-title\" itemprop=\"name headline\"><a href=\"https:\/\/yamaaoiwasabi.com\/ca\/lautentic-wasabi-al-montseny\/\" title=\"EL PA\u00cdS &#8211; 17\/06\/2019. L&#8217;aut\u00e8ntic wasabi al Montseny\">EL PA\u00cdS &#8211; 17\/06\/2019. L&#8217;aut\u00e8ntic wasabi al Montseny<\/a><\/h3>\t\t<\/header>\r\n\t\t\t\t\t<div class=\"post-content\">\r\n\t\t\t\t<p>Dos catalans aconsegueixen reproduir un dels cultius japonesos m\u00e9s complexos a una finca de Viladrau.Si creieu que heu menjat wasabi, probablement estigueu equivocats, i tan&hellip;<\/p>\n\t\t\t<\/div>\r\n\t\t\t\t\t<\/article>\r\n<\/div>\r\n<div class=\"small-12 medium-6 large-4 columns\">\r\n\t<article itemscope itemtype=\"http:\/\/schema.org\/Article\" class=\"post style1 post-6639 type-post status-publish format-standard has-post-thumbnail hentry category-prensa-ca\">\r\n\t\t\t\t<figure class=\"post-gallery\">\r\n\t\t\t<a href=\"https:\/\/yamaaoiwasabi.com\/ca\/las-mananas-rne-28-08-2019-entrevista-a-yamaaoi-wasabi\/\" rel=\"bookmark\" title=\"Las Ma\u00f1anas, RNE &#8211; 28\/08\/2019. Entrevista a Yamaaoi Wasabi.\">\r\n\t\t\t\t<img loading=\"lazy\" decoding=\"async\" width=\"712\" height=\"530\" src=\"https:\/\/yamaaoiwasabi.com\/wp-content\/uploads\/2020\/11\/Foto-con-logo.png\" class=\"attachment-north-blog-grid-2x size-north-blog-grid-2x wp-post-image\" alt=\"\" srcset=\"https:\/\/yamaaoiwasabi.com\/wp-content\/uploads\/2020\/11\/Foto-con-logo.png 810w, https:\/\/yamaaoiwasabi.com\/wp-content\/uploads\/2020\/11\/Foto-con-logo-300x223.png 300w, https:\/\/yamaaoiwasabi.com\/wp-content\/uploads\/2020\/11\/Foto-con-logo-600x447.png 600w\" sizes=\"auto, (max-width: 712px) 100vw, 712px\" \/>\t\t\t<\/a>\r\n\t\t<\/figure>\r\n\t\t\t\t<aside class=\"post-meta\">\r\n\t<time class=\"time\" datetime=\"2020-10-01T12:18:00+00:00\"><a href=\"https:\/\/yamaaoiwasabi.com\/ca\/las-mananas-rne-28-08-2019-entrevista-a-yamaaoi-wasabi\/\" title=\"Las Ma\u00f1anas, RNE &#8211; 28\/08\/2019. Entrevista a Yamaaoi Wasabi.\">1 d'octubre de 2020<\/a><\/time> - <a href=\"https:\/\/www.yamaaoiwasabi.com\/ca\/category\/prensa-ca\/\" rel=\"category tag\">Prensa<\/a><\/aside>\r\n\t\t<header class=\"post-title entry-header\">\r\n\t\t\t<h3 class=\"entry-title\" itemprop=\"name headline\"><a href=\"https:\/\/yamaaoiwasabi.com\/ca\/las-mananas-rne-28-08-2019-entrevista-a-yamaaoi-wasabi\/\" title=\"Las Ma\u00f1anas, RNE &#8211; 28\/08\/2019. Entrevista a Yamaaoi Wasabi.\">Las Ma\u00f1anas, RNE &#8211; 28\/08\/2019. Entrevista a Yamaaoi Wasabi.<\/a><\/h3>\t\t<\/header>\r\n\t\t\t\t\t<div class=\"post-content\">\r\n\t\t\t\t<p>&nbsp; Entrevista a Pau Gelman, soci fundador de Yamaaoi Wasabi, al programa Las Ma\u00f1anas, presentat per Eva Cord\u00f3n, el 28\/08\/2019. Veure not\u00edcia &nbsp;<\/p>\n\t\t\t<\/div>\r\n\t\t\t\t\t<\/article>\r\n<\/div>\r\n<div class=\"small-12 medium-6 large-4 columns\">\r\n\t<article itemscope itemtype=\"http:\/\/schema.org\/Article\" class=\"post style1 post-6650 type-post status-publish format-standard has-post-thumbnail hentry category-prensa-ca\">\r\n\t\t\t\t<figure class=\"post-gallery\">\r\n\t\t\t<a href=\"https:\/\/yamaaoiwasabi.com\/ca\/wasabi-al-montseny\/\" rel=\"bookmark\" title=\"TV3_TN &#8211; 30\/05\/2019. Wasabi al Montseny, el repte reeixit d&#8217;uns productors catalans\">\r\n\t\t\t\t<img loading=\"lazy\" decoding=\"async\" width=\"479\" height=\"375\" src=\"https:\/\/yamaaoiwasabi.com\/wp-content\/uploads\/2019\/11\/Captura-2.png\" class=\"attachment-north-blog-grid-2x size-north-blog-grid-2x wp-post-image\" alt=\"\" srcset=\"https:\/\/yamaaoiwasabi.com\/wp-content\/uploads\/2019\/11\/Captura-2.png 479w, https:\/\/yamaaoiwasabi.com\/wp-content\/uploads\/2019\/11\/Captura-2-300x235.png 300w\" sizes=\"auto, (max-width: 479px) 100vw, 479px\" \/>\t\t\t<\/a>\r\n\t\t<\/figure>\r\n\t\t\t\t<aside class=\"post-meta\">\r\n\t<time class=\"time\" datetime=\"2019-11-12T08:57:27+00:00\"><a href=\"https:\/\/yamaaoiwasabi.com\/ca\/wasabi-al-montseny\/\" title=\"TV3_TN &#8211; 30\/05\/2019. Wasabi al Montseny, el repte reeixit d&#8217;uns productors catalans\">12 de novembre de 2019<\/a><\/time> - <a href=\"https:\/\/www.yamaaoiwasabi.com\/ca\/category\/prensa-ca\/\" rel=\"category tag\">Prensa<\/a><\/aside>\r\n\t\t<header class=\"post-title entry-header\">\r\n\t\t\t<h3 class=\"entry-title\" itemprop=\"name headline\"><a href=\"https:\/\/yamaaoiwasabi.com\/ca\/wasabi-al-montseny\/\" title=\"TV3_TN &#8211; 30\/05\/2019. Wasabi al Montseny, el repte reeixit d&#8217;uns productors catalans\">TV3_TN &#8211; 30\/05\/2019. Wasabi al Montseny, el repte reeixit d&#8217;uns productors catalans<\/a><\/h3>\t\t<\/header>\r\n\t\t\t\t\t<div class=\"post-content\">\r\n\t\t\t\t<p>Dos emprenedors aconsegueixen cultivar wasabi, un dels conreus m\u00e9s complicats del m\u00f3n, a ViladrauVeure\u00a0not\u00edcia<\/p>\n\t\t\t<\/div>\r\n\t\t\t\t\t<\/article>\r\n<\/div>\r\n\t<\/div>\r\n\t\t[\/vc_column][\/vc_row]\n","protected":false},"excerpt":{"rendered":"<p>[vc_row][vc_column][vc_empty_space height=&#8221;94px&#8221;][\/vc_column][\/vc_row][vc_row css=&#8221;.vc_custom_1620233358398{padding-top: 50px !important;}&#8221;][vc_column][\/vc_column][\/vc_row]<\/p>\n","protected":false},"author":2,"featured_media":0,"parent":0,"menu_order":0,"comment_status":"closed","ping_status":"closed","template":"","meta":{"_acf_changed":false,"footnotes":""},"class_list":["post-6313","page","type-page","status-publish","hentry"],"acf":[],"_links":{"self":[{"href":"https:\/\/yamaaoiwasabi.com\/ca\/wp-json\/wp\/v2\/pages\/6313","targetHints":{"allow":["GET"]}}],"collection":[{"href":"https:\/\/yamaaoiwasabi.com\/ca\/wp-json\/wp\/v2\/pages"}],"about":[{"href":"https:\/\/yamaaoiwasabi.com\/ca\/wp-json\/wp\/v2\/types\/page"}],"author":[{"embeddable":true,"href":"https:\/\/yamaaoiwasabi.com\/ca\/wp-json\/wp\/v2\/users\/2"}],"replies":[{"embeddable":true,"href":"https:\/\/yamaaoiwasabi.com\/ca\/wp-json\/wp\/v2\/comments?post=6313"}],"version-history":[{"count":0,"href":"https:\/\/yamaaoiwasabi.com\/ca\/wp-json\/wp\/v2\/pages\/6313\/revisions"}],"wp:attachment":[{"href":"https:\/\/yamaaoiwasabi.com\/ca\/wp-json\/wp\/v2\/media?parent=6313"}],"curies":[{"name":"wp","href":"https:\/\/api.w.org\/{rel}","templated":true}]}}