{"id":6307,"date":"2020-06-04T13:48:24","date_gmt":"2020-06-04T13:48:24","guid":{"rendered":"https:\/\/yamaaoi.com\/politica-de-privacidad\/"},"modified":"2022-01-10T08:46:28","modified_gmt":"2022-01-10T08:46:28","slug":"politica-de-privadesa","status":"publish","type":"page","link":"https:\/\/yamaaoiwasabi.com\/ca\/politica-de-privadesa\/","title":{"rendered":"Pol\u00edtica de Privadesa"},"content":{"rendered":"[vc_row][vc_column][vc_empty_space height=&#8221;132px&#8221;][vc_column_text]\n<h2>Pol\u00edtica de privadesa<\/h2>\n<p>Aquesta pol\u00edtica de privadesa cont\u00e9 tota la informaci\u00f3 necess\u00e0ria que s&#8217;ha de proporcionar als Usuaris al moment de recollir les seves dades personals a trav\u00e9s de qualsevol dels formularis del lloc web, com aquella relacionada amb les finalitats, terminis de conservaci\u00f3 i base jur\u00eddica en la qual es legitima el tractament, com s&#8217;utilitzen, comuniquen i els drets dels usuaris.<\/p>\n<p>Aquestes pol\u00edtiques s&#8217;han elaborat d&#8217;acord amb el Reglament (UE) 2016\/679 del Parlament Europeu i del Consell de 27 d&#8217;abril del 2016, i amb la normativa vigent de protecci\u00f3 de dades a Espanya.<\/p>\n<h6>Responsable del tractament de dades personals<\/h6>\n<p>Yamaaoi Wasabi S.L. \u00e9s responsable de la recollida i \u00fas de les seves dades personals segons el que indica la present pol\u00edtica de privadesa. La nostra seu central \u00e9s a la Casa Nova de les Corts 4, 17406, Viladrau, Girona, amb CIF B-55328512.<\/p>\n<h6>Principis aplicats per al tractament de dades personals<\/h6>\n<p>Els principis indicats a continuaci\u00f3 s\u00f3n aplicats per Yamaaoi i per qualsevol persona de la plantilla que tingui acc\u00e9s a dades. Les dades de car\u00e0cter personal seran sempre:<\/p>\n<ul>\n<li>tractats de manera l\u00edcita, lleial i transparent.<\/li>\n<li>recollits amb fins determinats, expl\u00edcits i leg\u00edtims, i no seran tractats ulteriorment de manera incompatible amb aquests fins.<\/li>\n<li>adequats, pertinents i limitats al que \u00e9s necessari en relaci\u00f3 amb els fins per als quals s\u00f3n tractats.<\/li>\n<li>exactes i, si cal, actualitzats, adoptant-se totes les mesures raonables perqu\u00e8 se suprimeixin o rectifiquin aquells que siguin inexactes respecte als fins per als quals es tracten.<\/li>\n<li>conservats durant no m\u00e9s temps del necessari per als fins del tractament.<\/li>\n<li>tractats amb integritat i confidencialitat, de manera que se&#8217;n garanteixi una seguretat adequada.<\/li>\n<\/ul>\n<h6>Tipus de dades personals tractades i finalitat<\/h6>\n<p>Les dades personals que es proporcionin hauran de ser veritables, exactes i completes i mantenir-se actualitzades. El registre de dades mitjan\u00e7ant la utilitzaci\u00f3 del formulari \u00e9s obligatori, almenys aquells marcats com a tals, i implicar\u00e0 que ha estat informat i que ha prestat el seu consentiment al contingut de la present pol\u00edtica de privadesa. La manca d&#8217;aportaci\u00f3 o el subministrament de dades incorrectes impossibilitar\u00e0 que puguem gestionar correctament les sol\u00b7licituds efectuades.<\/p>\n<p>Al nostre lloc web recollim les categories de dades personals seg\u00fcents:<\/p>\n<ul>\n<li>Informaci\u00f3 relacionada amb subscripcions a butlletins informatius i prospecci\u00f3 comercial, com ara nom, cognoms, correu electr\u00f2nic, tel\u00e8fon, idioma i pa\u00eds. Aquestes dades personals s&#8217;emmagatzemen a les nostres bases de dades per a la gesti\u00f3 de les relacions comercials, i es faran servir per a l&#8217;enviament de butlletins informatius sobre Yamaaoi, els seus serveis i productes rellevants per als seus interessos. Sempre es proporcionar\u00e0 l&#8217;opci\u00f3 de cancel\u00b7lar i eliminar les bases de dades amb cada comunicaci\u00f3 electr\u00f2nica que rebi de nosaltres. En qualsevol moment podeu modificar la vostra informaci\u00f3 o prefer\u00e8ncies o proporcionar detalls addicionals.<\/li>\n<li>Informaci\u00f3 relacionada amb sol\u00b7licituds per a la prestaci\u00f3 dels nostres serveis i contractaci\u00f3 dels nostres productes, com a nom, cognoms, empresa, domicili, correu electr\u00f2nic, tel\u00e8fon i adre\u00e7a postal. Aquestes dades personals s&#8217;emmagatzemen a les nostres bases de dades per a la gesti\u00f3 de les relacions comercials i es faran servir per completar qualsevol sol\u00b7licitud electr\u00f2nica de serveis i productes a trav\u00e9s del nostre lloc web. En qualsevol moment podeu modificar la vostra informaci\u00f3 o prefer\u00e8ncies o proporcionar detalls addicionals.No utilitzarem les vostres dades personals per prendre decisions automatitzades que afectin o cre\u00efn perfils diferents dels descrits anteriorment. En qualsevol cas, si exist\u00eds un tractament posterior de les dades la finalitat de les quals sigui diferent d&#8217;aquella per a la qual inicialment es van recollir l&#8217;informarem sobre tots els aspectes rellevants a aquest altre fi abans de procedir al tractament ulterior.<\/li>\n<\/ul>\n<h6>Temps de conservaci\u00f3 de les dades personals<\/h6>\n<p>Les dades personals dels Usuaris seran tractades mentre duri l&#8217;execuci\u00f3 del contracte o sol\u00b7licituds d&#8217;informaci\u00f3 i, en qualsevol cas, durant el termini de temps necessari per complir amb la finalitat per a la qual es van demanar i per determinar les possibles responsabilitats que se&#8217;n poguessin derivar de la finalitat esmentada i del tractament de les dades. Quan les dades s&#8217;hagin de conservar complint terminis de prescripci\u00f3 indicats a la normativa aplicable, seran bloquejats i posats \u00fanicament a disposici\u00f3 de les autoritats competents, i seran eliminats una vegada finalitzat aquest termini. En el cas de comunicacions comercials, les dades seran conservades mentre no s&#8217;oposi a rebre aquesta informaci\u00f3.<\/p>\n<p>Per determinar el per\u00edode de conservaci\u00f3 apropiat per a les dades personals, tamb\u00e9 ens basem en la quantitat, tipus i sensibilitat de les dades personals, el risc potencial de dany per l&#8217;\u00fas no autoritzat o la divulgaci\u00f3 de les vostres dades personals, els fins per als quals processem les vostres dades personals i els requisits legals que apliquin.<\/p>\n<h6>Legitimaci\u00f3 per al tractament de dades personals<\/h6>\n<p>Les bases jur\u00eddiques de legitimaci\u00f3 seg\u00fcents apliquen per tractar les seves dades personals:<\/p>\n<ul>\n<li>Consentiment: per a aquelles dades relatives a sol\u00b7licituds de subscripci\u00f3 a butlletins i prospecci\u00f3 comercial.<\/li>\n<li>Inter\u00e8s leg\u00edtim: per a aquelles dades relatives a sol\u00b7licituds d&#8217;informaci\u00f3 o serveis, que fan que el tractament sigui necessari per desenvolupar la nostra activitat comercial, sempre que aquests interessos no estiguin per sobre dels seus interessos o drets i llibertats fonamentals. El nostre inter\u00e8s leg\u00edtim consisteix a poder garantir la continu\u00eftat de negoci, establint canals de contacte que ens permetin oferir els nostres serveis i comprendre les necessitats i expectatives del mercat, a m\u00e9s de millorar el nivell de satisfacci\u00f3 dels Usuaris i, per tant, millorar la nostra oferta de serveis i marques.<\/li>\n<li>Execuci\u00f3 del contracte: per a aquelles dades d&#8217;identificaci\u00f3 i contacte que permeten gestionar el contracte a dist\u00e0ncia per a la provisi\u00f3 de serveis i productes oferts a la nostra web.<\/li>\n<\/ul>\n<h6>Destinataris de les dades personals<\/h6>\n<p>Les dades personals de l&#8217;Usuari podran ser cedides\/comunicades als destinataris seg\u00fcents:<\/p>\n<ul>\n<li>Empreses encarregades del tractament de dades, com a prove\u00efdors que presten serveis a Yamaaoi, com ara la gesti\u00f3 de campanyes de promoci\u00f3, gestors de contingut i relaci\u00f3 amb clients. Els prove\u00efdors de serveis estan autoritzats a utilitzar la informaci\u00f3 nom\u00e9s en la mesura que sigui necessari per realitzar i prestar els serveis per als quals van ser contractats i amb subjecci\u00f3 als termes establerts als contractes d&#8217;enc\u00e0rrec de tractament celebrats i en aquesta Pol\u00edtica de Privadesa .<\/li>\n<li>Administracions i organismes p\u00fablics quan aix\u00ed ho exigeixi la normativa fiscal, laboral o qualsevol altra aplicable. Tamb\u00e9 poden produir-se transfer\u00e8ncies internacionals de dades a ra\u00f3 de les anteriors cessions\/comunicacions en cas que les empreses destinat\u00e0ries es trobin fora de l&#8217;Espai Econ\u00f2mic Europeu, per a les quals Yamaaoi utilitzar\u00e0 les cl\u00e0usules contractuals tipus adaptades per la Comissi\u00f3 Europea i l&#8217;Escut de Privadesa UE -EUA, com a garantia d&#8217;aquelles transfer\u00e8ncies realitzades a pa\u00efsos que no compten amb una decisi\u00f3 d&#8217;adequaci\u00f3 de la Comissi\u00f3 Europea. En tot cas, aquells tercers amb els quals es comparteixin determinades dades de car\u00e0cter personal hauran acreditat amb car\u00e0cter previ l&#8217;adopci\u00f3 de mesures t\u00e8cniques i organitzatives adequades per a la correcta protecci\u00f3 d&#8217;aquestes d&#8217;acord amb el RGPD.<\/li>\n<\/ul>\n<p>Ens comprometem a mai utilitzar les seves dades personals per a fins diferents de les determinades en aquesta pol\u00edtica de privadesa, ni cedir-les de forma il\u00b7leg\u00edtima a tercers.<\/p>\n<h6>Drets de les persones<\/h6>\n<p>Els Usuaris podran exercir qualsevol dels drets reconeguts a la normativa de protecci\u00f3 de dades davant nostre.<\/p>\n<p>Ens comprometem a respectar i facilitar l\u2019exercici d\u2019aquests drets i, en particular, dels drets d\u2019acc\u00e9s, rectificaci\u00f3, suspensi\u00f3, oposici\u00f3, limitaci\u00f3 del tractament i portabilitat de les dades. Aquests drets podran ser exercits mitjan\u00e7ant l&#8217;enviament un correu electr\u00f2nic a info@yamaaoi.com, juntament amb una c\u00f2pia del vostre document d&#8217;identificaci\u00f3 v\u00e0lid.<\/p>\n<p>Us facilitarem tota la informaci\u00f3 necess\u00e0ria relativa a les actuacions que realitzem sobre la base de qualsevol sol\u00b7licitud d&#8217;exercici dels drets que com a interessat concerneixin, dins dels terminis legals estipulats.<\/p>\n<p>En tot cas, us informem que podeu presentar reclamaci\u00f3 davant de l&#8217;Ag\u00e8ncia Espanyola de Protecci\u00f3 de Dades per a la tutela de qualsevol dels vostres drets.<\/p>\n<h6>Aplicaci\u00f3 de mesures de seguretat sobre les dades personals<\/h6>\n<p>Garantim que mantenim els nivells de seguretat per a la protecci\u00f3 de dades personals que ens facilita a trav\u00e9s del lloc web d&#8217;acord amb la normativa vigent, i que s&#8217;han establert i apliquen totes les mesures t\u00e8cniques i organitzatives corresponents per evitar la p\u00e8rdua, destrucci\u00f3 o dany accidental , mal \u00fas, alteraci\u00f3 i tractament no autoritzat o il\u00b7l\u00edcit de les dades facilitades pels Usuaris.<\/p>\n<h6>Dret a retirar el consentiment<\/h6>\n<p>Si heu prestat el vostre consentiment per al tractament de les vostres dades personals, teniu dret a retirar-lo totalment o parcialment. Per retirar el vostre consentiment, seguiu els enlla\u00e7os d&#8217;exclusi\u00f3 indicats a totes les comunicacions comercials que se us envi\u00efn o mitjan\u00e7ant correu electr\u00f2nic.<\/p>\n<p>Una vegada haguem rebut la notificaci\u00f3 que ha retirat el seu consentiment, ja no processarem la seva informaci\u00f3 per als fins a qu\u00e8 va autoritzar originalment, llevat que hi hagi motius leg\u00edtims convincents per a un processament posterior que anul\u00b7li els seus interessos, drets i llibertats o per al establiment, exercici o defensa de reclams legals. La retirada del consentiment per rebre comunicacions comercials no afectar\u00e0 el processament de les dades personals per a la prestaci\u00f3 dels nostres serveis.<\/p>\n<h6>Contacte<\/h6>\n<p>Si teniu dubtes, comentaris o queixes sobre l&#8217;\u00fas de les vostres dades personals, contacteu amb els nostres serveis d&#8217;atenci\u00f3 al client per correu electr\u00f2nic a info@yamaaoi.com o pels tel\u00e8fons indicats a la nostra web.[\/vc_column_text][\/vc_column][\/vc_row]\n","protected":false},"excerpt":{"rendered":"<p>[vc_row][vc_column][vc_empty_space height=&#8221;132px&#8221;][vc_column_text] Pol\u00edtica de privadesa Aquesta pol\u00edtica de privadesa cont\u00e9 tota la informaci\u00f3 necess\u00e0ria que s&#8217;ha de proporcionar als Usuaris al moment de recollir les&hellip;<\/p>\n","protected":false},"author":2,"featured_media":0,"parent":0,"menu_order":0,"comment_status":"closed","ping_status":"closed","template":"page-legal.php","meta":{"_acf_changed":false,"footnotes":""},"class_list":["post-6307","page","type-page","status-publish","hentry"],"acf":[],"_links":{"self":[{"href":"https:\/\/yamaaoiwasabi.com\/ca\/wp-json\/wp\/v2\/pages\/6307","targetHints":{"allow":["GET"]}}],"collection":[{"href":"https:\/\/yamaaoiwasabi.com\/ca\/wp-json\/wp\/v2\/pages"}],"about":[{"href":"https:\/\/yamaaoiwasabi.com\/ca\/wp-json\/wp\/v2\/types\/page"}],"author":[{"embeddable":true,"href":"https:\/\/yamaaoiwasabi.com\/ca\/wp-json\/wp\/v2\/users\/2"}],"replies":[{"embeddable":true,"href":"https:\/\/yamaaoiwasabi.com\/ca\/wp-json\/wp\/v2\/comments?post=6307"}],"version-history":[{"count":0,"href":"https:\/\/yamaaoiwasabi.com\/ca\/wp-json\/wp\/v2\/pages\/6307\/revisions"}],"wp:attachment":[{"href":"https:\/\/yamaaoiwasabi.com\/ca\/wp-json\/wp\/v2\/media?parent=6307"}],"curies":[{"name":"wp","href":"https:\/\/api.w.org\/{rel}","templated":true}]}}