{"id":6295,"date":"2018-06-18T06:57:57","date_gmt":"2018-06-18T06:57:57","guid":{"rendered":"https:\/\/yamaaoi.com\/nosotros\/"},"modified":"2023-02-17T15:08:10","modified_gmt":"2023-02-17T15:08:10","slug":"nosaltres","status":"publish","type":"page","link":"https:\/\/yamaaoiwasabi.com\/ca\/nosaltres\/","title":{"rendered":"Nosaltres"},"content":{"rendered":"[vc_row thb_full_width=&#8221;true&#8221; content_placement=&#8221;middle&#8221;][vc_column css=&#8221;.vc_custom_1503597833255{padding-top: 10% !important;padding-right: 15% !important;padding-bottom: 10% !important;padding-left: 15% !important;}&#8221;][vc_column_text animation=&#8221;animation fade-in&#8221;]\n<h1>Nosaltres<\/h1>\n[\/vc_column_text][vc_empty_space height=&#8221;45px&#8221;][vc_column_text animation=&#8221;animation fade-in&#8221;]\n<h3>Conreem l&#8217;\u00fanic wasabi fresc de la Mediterr\u00e0nia i el distribu\u00efm a tot Espanya i Europa<\/h3>\n<p>&nbsp;<\/p>\n<p>Yamaaoi Wasabi neix a l&#8217;octubre del 2018 despr\u00e9s de diversos anys de recerca sobre el cultiu del wasabi, considerat un dels m\u00e9s complexos del M\u00f3n.[\/vc_column_text][vc_empty_space height=&#8221;35px&#8221;][vc_column_text]Venem el tronc, les fulles i les flors de wasabi a restaurants especialitzats i de cuina d&#8217;autor, aix\u00ed com a particulars amants de la cuina nipona. Treballem amb alguns dels millors xefs a l&#8217;esfera mundial. El nostre sistema de distribuci\u00f3 garanteix la preservaci\u00f3 de la frescor del producte i la m\u00e0xima qualitat.[\/vc_column_text][\/vc_column][\/vc_row][vc_row el_class=&#8221;align-center&#8221;][vc_column width=&#8221;1\/2&#8243;][vc_column_text css=&#8221;.vc_custom_1641668509667{padding-top: 15% !important;padding-right: 10% !important;padding-left: 10% !important;}&#8221;]\n<h2>Producci\u00f3<\/h2>\n[\/vc_column_text][vc_empty_space height=&#8221;35px&#8221;][vc_column_text animation=&#8221;animation fade-in&#8221; css=&#8221;.vc_custom_1676646479115{padding-right: 10% !important;padding-left: 10% !important;}&#8221;]Conreem amb l&#8217;aigua pura i cristal\u00b7lina del Montseny (ara en proc\u00e9s de canvia a una nova localitzaci\u00f3), al bell mig de la grava i l&#8217;abric del bosc, aprofitant unes antigues terrasses recuperades. El respecte al nostre entorn natural \u00e9s una de les prioritats a la feina del dia a dia.<\/p>\n<p>A Jap\u00f3, el wasabi salvatge creix al costat de rierols a l&#8217;alta muntanya. Nosaltres hem descobert que a la Mediterr\u00e0nia l&#8217;equilibri de sol, ombra, temperatura i humitat aporten les condicions ideals per al creixement de la planta.[\/vc_column_text][vc_empty_space height=&#8221;35px&#8221;]<div class=\"caption-style1 animation fade-in alignleft  thb_image_link wp-caption\"><img loading=\"lazy\" decoding=\"async\" width=\"1400\" height=\"900\" src=\"https:\/\/yamaaoiwasabi.com\/wp-content\/uploads\/2020\/06\/slide2.jpg\" class=\"thb_image  attachment-full\" alt=\"\" srcset=\"https:\/\/yamaaoiwasabi.com\/wp-content\/uploads\/2020\/06\/slide2.jpg 1400w, https:\/\/yamaaoiwasabi.com\/wp-content\/uploads\/2020\/06\/slide2-300x193.jpg 300w, https:\/\/yamaaoiwasabi.com\/wp-content\/uploads\/2020\/06\/slide2-1024x658.jpg 1024w, https:\/\/yamaaoiwasabi.com\/wp-content\/uploads\/2020\/06\/slide2-768x494.jpg 768w, https:\/\/yamaaoiwasabi.com\/wp-content\/uploads\/2020\/06\/slide2-600x386.jpg 600w\" sizes=\"auto, (max-width: 1400px) 100vw, 1400px\" \/><\/div>[\/vc_column][vc_column width=&#8221;5\/12&#8243; css=&#8221;.vc_custom_1503598671428{padding-left: 10% !important;}&#8221;]<div class=\"caption-style1 animation fade-in aligncenter full thb_image_link wp-caption\"><img loading=\"lazy\" decoding=\"async\" width=\"470\" height=\"470\" src=\"https:\/\/yamaaoiwasabi.com\/wp-content\/uploads\/2020\/06\/V3.jpg\" class=\"thb_image retina_size attachment-full\" alt=\"\" srcset=\"https:\/\/yamaaoiwasabi.com\/wp-content\/uploads\/2020\/06\/V3.jpg 470w, https:\/\/yamaaoiwasabi.com\/wp-content\/uploads\/2020\/06\/V3-300x300.jpg 300w, https:\/\/yamaaoiwasabi.com\/wp-content\/uploads\/2020\/06\/V3-150x150.jpg 150w, https:\/\/yamaaoiwasabi.com\/wp-content\/uploads\/2020\/06\/V3-100x100.jpg 100w\" sizes=\"auto, (max-width: 470px) 100vw, 470px\" \/><\/div>[vc_empty_space height=&#8221;90px&#8221;]<div class=\"caption-style1 animation fade-in alignleft  thb_image_link wp-caption\"><img loading=\"lazy\" decoding=\"async\" width=\"470\" height=\"470\" src=\"https:\/\/yamaaoiwasabi.com\/wp-content\/uploads\/2020\/06\/V4.jpg\" class=\"thb_image  attachment-full\" alt=\"\" srcset=\"https:\/\/yamaaoiwasabi.com\/wp-content\/uploads\/2020\/06\/V4.jpg 470w, https:\/\/yamaaoiwasabi.com\/wp-content\/uploads\/2020\/06\/V4-300x300.jpg 300w, https:\/\/yamaaoiwasabi.com\/wp-content\/uploads\/2020\/06\/V4-150x150.jpg 150w, https:\/\/yamaaoiwasabi.com\/wp-content\/uploads\/2020\/06\/V4-100x100.jpg 100w\" sizes=\"auto, (max-width: 470px) 100vw, 470px\" \/><\/div>[\/vc_column][\/vc_row][vc_row][vc_column width=&#8221;1\/6&#8243;][\/vc_column][vc_column width=&#8221;2\/3&#8243;][vc_column_text]\n<h3>Importaci\u00f3<\/h3>\n<p>Yamaaoi Wasabi, a m\u00e9s de ser el primer productor de wasabi a tota la Mediterr\u00e0nia, som importadors de wasabi fresc japon\u00e8s de primera qualitat. Portem el wasabi dels nostres companys productors a Azumino i Shizuoka, que s\u00f3n conegudes per produir el millor wasabi del M\u00f3n.<\/p>\n<h3>Altres Cultius<\/h3>\n<p>El nostre Departament de Desenvolupament treballa en l&#8217;estudi i la implantaci\u00f3 d&#8217;altres cultius japonesos, que van sent afegits al nostre cat\u00e0leg, a mesura que estan disponibles per als nostres clients.<\/p>\n<h3>Malva de muntanya<\/h3>\n<p>En japon\u00e8s el wasabi era conegut originalment com a yama aoi: \u00abyama\u00bb [\u5c71] significa \u00abmuntanya\u00bb, ja que es va observar per primera vegada en zones de muntanya; i \u00abaoi\u00bb [\u8475] significa \u00abmalva\u00bb, per la forma de cor de les fulles, que s\u00f3n similars en aparen\u00e7a a les de la Malva major.[\/vc_column_text][\/vc_column][vc_column width=&#8221;1\/6&#8243;][\/vc_column][\/vc_row][vc_row thb_full_width=&#8221;true&#8221; parallax=&#8221;content-moving&#8221; css=&#8221;.vc_custom_1620232374875{margin-top: 10vh !important;padding-bottom: 60vh !important;background: #bdccc9 url(https:\/\/yamaaoi.com\/wp-content\/uploads\/2020\/06\/V5.jpg?id=3984);background-position: center;background-repeat: no-repeat !important;background-size: cover !important;}&#8221;][vc_column][\/vc_column][\/vc_row]\n","protected":false},"excerpt":{"rendered":"<p>[vc_row thb_full_width=&#8221;true&#8221; content_placement=&#8221;middle&#8221;][vc_column css=&#8221;.vc_custom_1503597833255{padding-top: 10% !important;padding-right: 15% !important;padding-bottom: 10% !important;padding-left: 15% !important;}&#8221;][vc_column_text animation=&#8221;animation fade-in&#8221;] Nosaltres [\/vc_column_text][vc_empty_space height=&#8221;45px&#8221;][vc_column_text animation=&#8221;animation fade-in&#8221;] Conreem l&#8217;\u00fanic wasabi fresc de la&hellip;<\/p>\n","protected":false},"author":2,"featured_media":0,"parent":0,"menu_order":0,"comment_status":"closed","ping_status":"closed","template":"","meta":{"_acf_changed":false,"footnotes":""},"class_list":["post-6295","page","type-page","status-publish","hentry"],"acf":[],"_links":{"self":[{"href":"https:\/\/yamaaoiwasabi.com\/ca\/wp-json\/wp\/v2\/pages\/6295","targetHints":{"allow":["GET"]}}],"collection":[{"href":"https:\/\/yamaaoiwasabi.com\/ca\/wp-json\/wp\/v2\/pages"}],"about":[{"href":"https:\/\/yamaaoiwasabi.com\/ca\/wp-json\/wp\/v2\/types\/page"}],"author":[{"embeddable":true,"href":"https:\/\/yamaaoiwasabi.com\/ca\/wp-json\/wp\/v2\/users\/2"}],"replies":[{"embeddable":true,"href":"https:\/\/yamaaoiwasabi.com\/ca\/wp-json\/wp\/v2\/comments?post=6295"}],"version-history":[{"count":0,"href":"https:\/\/yamaaoiwasabi.com\/ca\/wp-json\/wp\/v2\/pages\/6295\/revisions"}],"wp:attachment":[{"href":"https:\/\/yamaaoiwasabi.com\/ca\/wp-json\/wp\/v2\/media?parent=6295"}],"curies":[{"name":"wp","href":"https:\/\/api.w.org\/{rel}","templated":true}]}}